{"id":4551,"date":"2025-05-01T13:18:48","date_gmt":"2025-05-01T11:18:48","guid":{"rendered":"https:\/\/transfer.buscostadelsol.es\/?page_id=4551"},"modified":"2025-05-17T16:28:07","modified_gmt":"2025-05-17T14:28:07","slug":"cookie-policy","status":"publish","type":"page","link":"https:\/\/transfercostadelsol.es\/es\/cookie-policy\/","title":{"rendered":"Pol\u00edtica de cookies"},"content":{"rendered":"<div data-elementor-type=\"wp-page\" data-elementor-id=\"4551\" class=\"elementor elementor-4551\" data-elementor-post-type=\"page\">\n\t\t\t\t<div class=\"elementor-element elementor-element-726c6f62 e-flex e-con-boxed e-con e-parent\" data-id=\"726c6f62\" data-element_type=\"container\" data-settings=\"{&quot;background_background&quot;:&quot;classic&quot;}\">\n\t\t\t\t\t<div class=\"e-con-inner\">\n\t\t<div class=\"elementor-element elementor-element-701ad4c0 e-con-full e-flex e-con e-child\" data-id=\"701ad4c0\" data-element_type=\"container\">\n\t\t\t\t<div class=\"elementor-element elementor-element-353b6ad8 elementor-widget elementor-widget-heading\" data-id=\"353b6ad8\" data-element_type=\"widget\" data-widget_type=\"heading.default\">\n\t\t\t\t<div class=\"elementor-widget-container\">\n\t\t\t\t\t<h2 class=\"elementor-heading-title elementor-size-default\">Pol\u00edtica de cookies<\/h2>\t\t\t\t<\/div>\n\t\t\t\t<\/div>\n\t\t\t\t<div class=\"elementor-element elementor-element-a82c3c0 elementor-widget elementor-widget-text-editor\" data-id=\"a82c3c0\" data-element_type=\"widget\" data-widget_type=\"text-editor.default\">\n\t\t\t\t<div class=\"elementor-widget-container\">\n\t\t\t\t\t\t\t\t\t<p>Pol\u00edtica de Cookies es\u00a0<b>un documento que proporciona una lista exhaustiva de las cookies y rastreadores utilizados en un sitio web, junto con informaci\u00f3n detallada sobre cada uno de ellos<\/b><\/p>\t\t\t\t\t\t\t\t<\/div>\n\t\t\t\t<\/div>\n\t\t\t\t<\/div>\n\t\t\t\t\t<\/div>\n\t\t\t\t<\/div>\n\t\t<div class=\"elementor-element elementor-element-34fc9704 e-flex e-con-boxed e-con e-parent\" data-id=\"34fc9704\" data-element_type=\"container\">\n\t\t\t\t\t<div class=\"e-con-inner\">\n\t\t\t\t<div class=\"elementor-element elementor-element-50865d4 elementor-widget elementor-widget-spacer\" data-id=\"50865d4\" data-element_type=\"widget\" data-widget_type=\"spacer.default\">\n\t\t\t\t<div class=\"elementor-widget-container\">\n\t\t\t\t\t\t\t<div class=\"elementor-spacer\">\n\t\t\t<div class=\"elementor-spacer-inner\"><\/div>\n\t\t<\/div>\n\t\t\t\t\t\t<\/div>\n\t\t\t\t<\/div>\n\t\t\t\t<div class=\"elementor-element elementor-element-6a48afa4 elementor-widget elementor-widget-text-editor\" data-id=\"6a48afa4\" data-element_type=\"widget\" data-widget_type=\"text-editor.default\">\n\t\t\t\t<div class=\"elementor-widget-container\">\n\t\t\t\t\t\t\t\t\t<p>\u00a0Esta pol\u00edtica de cookies se actualiz\u00f3 por \u00faltima vez el 17 de julio de 2023 y se aplica a los ciudadanos y residentes legales permanentes del Espacio Econ\u00f3mico Europeo y Suiza.<\/p><p>Introducci\u00f3n<\/p><p>Our website, https:\/\/transfercostadelsol.es (hereinafter: \u2018the Website\u2019) uses cookies and other related technologies (for convenience, all technologies are referred to as \u2018cookies\u2019). Cookies are also placed by third parties with whom we have contracted. In the following document we inform you about the use of cookies on our website.<\/p><p>\u00bfQu\u00e9 son las cookies?<\/p><p>Una cookie es un peque\u00f1o archivo que se env\u00eda junto con las p\u00e1ginas de este sitio web y que su navegador almacena en el disco duro de su ordenador u otro dispositivo. La informaci\u00f3n almacenada puede ser devuelta a nuestros servidores o a servidores de terceros apropiados durante una visita posterior.<\/p><p>\u00bfQu\u00e9 son los guiones?<\/p><p>Un script es un fragmento de c\u00f3digo de programa que se utiliza para que nuestro sitio web funcione correctamente y de forma interactiva. Este c\u00f3digo se ejecuta en nuestro servidor o en su dispositivo.<\/p><p>\u00bfQu\u00e9 es una baliza web?<\/p><p>Una baliza web (o etiqueta de p\u00edxel) es un peque\u00f1o fragmento invisible de texto o imagen en un sitio web que se utiliza para controlar el tr\u00e1fico en un sitio web. Para ello, estas balizas web almacenan diversos datos sobre usted.<\/p><p>Cookies<\/p><p>5.1 Cookies t\u00e9cnicas o funcionales<\/p><p>Algunas cookies garantizan que determinadas partes del sitio web funcionen correctamente y que se sigan recordando sus preferencias de usuario. Al colocar cookies funcionales, facilitamos su visita a nuestro sitio web. De este modo, no tendr\u00e1 que introducir repetidamente la misma informaci\u00f3n cuando visite nuestro sitio web y, por ejemplo, los art\u00edculos permanecer\u00e1n en su cesta de la compra hasta que haya pagado. Podemos colocar estas cookies sin su consentimiento.<\/p><p>5.2 Cookies estad\u00edsticas<\/p><p>Utilizamos cookies estad\u00edsticas para optimizar la experiencia del sitio web para nuestros usuarios. Con estas cookies estad\u00edsticas obtenemos informaci\u00f3n sobre el uso de nuestro sitio web. Solicitamos su permiso para colocar cookies estad\u00edsticas.<\/p><p>5.3 Cookies de marketing\/seguimiento<\/p><p>Las cookies de marketing\/seguimiento son cookies, o cualquier otra forma de almacenamiento local, utilizadas para crear perfiles de usuario para mostrar publicidad o para seguir al usuario en este sitio web o en varios sitios web con fines de marketing similares.<\/p><p>5.4 Redes sociales<\/p><p>Hemos incrustado contenido de Facebook e Instagram en nuestro sitio web para promocionar sitios web (por ejemplo, \"Me gusta\", \"Pin\") o compartir (por ejemplo, \"Tweet\") en redes sociales como Facebook e Instagram. Este contenido est\u00e1 incrustado con c\u00f3digo derivado de Facebook e Instagram y almacena cookies. Este contenido puede procesar cierta informaci\u00f3n para anuncios personalizados.<\/p><p>Lea la pol\u00edtica de privacidad de estas redes sociales (que puede cambiar con frecuencia) para saber qu\u00e9 hacen con sus datos (personales) que procesan utilizando estas cookies. Los datos que reciben se anonimizan en la medida de lo posible. Facebook e Instagram est\u00e1n ubicadas en Estados Unidos.<\/p><p>Cookies utilizadas<\/p><p>Pagebuilder (Varios)<\/p><p>Funcional<\/p><p>Consentimiento de servicio pagebuilder-(varios)<\/p><p>Unirse.chat<\/p><p>Funcional<\/p><p>Consentimiento para el servicio join.chat<\/p><p>WooCommerce<\/p><p>Funcional<\/p><p>Consentimiento para el servicio woocommerce<\/p><p>Elementor<\/p><p>Estad\u00edsticas (an\u00f3nimas)<\/p><p>Consentimiento para el servicio elementor<\/p><p>WordPress<\/p><p>Funcional<\/p><p>Consentimiento para el servicio wordpress<\/p><p>Google Analytics<\/p><p>Estad\u00edsticas<\/p><p>Consentimiento para el servicio google-analytics<\/p><p>Fuentes Google<\/p><p>Marketing<\/p><p>Consentimiento para el servicio google-fonts<\/p><p>Google reCAPTCHA<\/p><p>Marketing, Funcional<\/p><p>Consentimiento para el servicio google-recaptcha<\/p><p>Google Maps<\/p><p>Marketing<\/p><p>Consentimiento para el servicio google-maps<\/p><p>Facebook<\/p><p>Marketing, Funcional<\/p><p>Consentimiento para el servicio facebook<\/p><p>Complianz<\/p><p>Funcional<\/p><p>Consentimiento para el servicio complianz<\/p><p>Polylang<\/p><p>Funcional<\/p><p>Consentimiento para el servicio polylang<\/p><p>Varios<\/p><p>Objeto de la investigaci\u00f3n<\/p><p>Consentimiento para la prestaci\u00f3n de servicios varios<\/p><p>Consentimiento<\/p><p>Cuando visite nuestro sitio web por primera vez, le mostraremos una ventana emergente con una explicaci\u00f3n sobre las cookies. En cuanto haga clic en \"Guardar preferencias\", estar\u00e1 aceptando que utilicemos las categor\u00edas de cookies y plugins que haya seleccionado en la ventana emergente, tal y como se describe en esta pol\u00edtica de cookies. Puede desactivar el uso de cookies a trav\u00e9s de su navegador, pero tenga en cuenta que es posible que nuestro sitio web deje de funcionar correctamente.<\/p><p>7.1 Gestionar la configuraci\u00f3n del consentimiento<\/p><p>FuncionalSiempre activo<\/p><p>Estad\u00edsticasEstad\u00edsticas<\/p><p>MarketingMarketing<\/p><p>Activar\/desactivar y eliminar cookies<\/p><p>Puede utilizar su navegador de Internet para eliminar las cookies autom\u00e1tica o manualmente. Tambi\u00e9n puede especificar que no se puedan colocar determinadas cookies. Alternativamente, puede cambiar la configuraci\u00f3n de su navegador de Internet para que reciba un mensaje cada vez que se coloque una cookie. Para m\u00e1s informaci\u00f3n sobre estas opciones, consulte las instrucciones de la secci\u00f3n \"Ayuda\" de su navegador.<\/p>\t\t\t\t\t\t\t\t<\/div>\n\t\t\t\t<\/div>\n\t\t\t\t<div class=\"elementor-element elementor-element-b4090f8 elementor-widget elementor-widget-spacer\" data-id=\"b4090f8\" data-element_type=\"widget\" data-widget_type=\"spacer.default\">\n\t\t\t\t<div class=\"elementor-widget-container\">\n\t\t\t\t\t\t\t<div class=\"elementor-spacer\">\n\t\t\t<div class=\"elementor-spacer-inner\"><\/div>\n\t\t<\/div>\n\t\t\t\t\t\t<\/div>\n\t\t\t\t<\/div>\n\t\t\t\t\t<\/div>\n\t\t\t\t<\/div>\n\t\t<div class=\"elementor-element elementor-element-5a8207a e-flex e-con-boxed e-con e-parent\" data-id=\"5a8207a\" data-element_type=\"container\" data-settings=\"{&quot;background_background&quot;:&quot;classic&quot;}\">\n\t\t\t\t\t<div class=\"e-con-inner\">\n\t\t<div class=\"elementor-element elementor-element-01c8a9c e-con-full e-flex e-con e-child\" data-id=\"01c8a9c\" data-element_type=\"container\">\n\t\t\t\t<div class=\"elementor-element elementor-element-b22623d elementor-widget elementor-widget-heading\" data-id=\"b22623d\" data-element_type=\"widget\" data-widget_type=\"heading.default\">\n\t\t\t\t<div class=\"elementor-widget-container\">\n\t\t\t\t\t<h2 class=\"elementor-heading-title elementor-size-default\">legal<\/h2>\t\t\t\t<\/div>\n\t\t\t\t<\/div>\n\t\t\t\t<div class=\"elementor-element elementor-element-4a3f0df elementor-widget elementor-widget-text-editor\" data-id=\"4a3f0df\" data-element_type=\"widget\" data-widget_type=\"text-editor.default\">\n\t\t\t\t<div class=\"elementor-widget-container\">\n\t\t\t\t\t\t\t\t\t<p>Encuetra abajo nuestra informaci\u00f3n legal<\/p>\t\t\t\t\t\t\t\t<\/div>\n\t\t\t\t<\/div>\n\t\t\t\t<div class=\"elementor-element elementor-element-c169827 elementor-widget-mobile__width-inherit elementor-align-center elementor-widget elementor-widget-button\" data-id=\"c169827\" data-element_type=\"widget\" data-widget_type=\"button.default\">\n\t\t\t\t<div class=\"elementor-widget-container\">\n\t\t\t\t\t\t\t\t\t<div class=\"elementor-button-wrapper\">\n\t\t\t\t\t<a class=\"elementor-button elementor-button-link elementor-size-sm\" href=\"https:\/\/transfercostadelsol.es\/en\/legal-notice\/\">\n\t\t\t\t\t\t<span class=\"elementor-button-content-wrapper\">\n\t\t\t\t\t\t\t\t\t<span class=\"elementor-button-text\">nota legal<\/span>\n\t\t\t\t\t<\/span>\n\t\t\t\t\t<\/a>\n\t\t\t\t<\/div>\n\t\t\t\t\t\t\t\t<\/div>\n\t\t\t\t<\/div>\n\t\t\t\t<div class=\"elementor-element elementor-element-d03272b elementor-widget-mobile__width-inherit elementor-align-center elementor-widget elementor-widget-button\" data-id=\"d03272b\" data-element_type=\"widget\" data-widget_type=\"button.default\">\n\t\t\t\t<div class=\"elementor-widget-container\">\n\t\t\t\t\t\t\t\t\t<div class=\"elementor-button-wrapper\">\n\t\t\t\t\t<a class=\"elementor-button elementor-button-link elementor-size-sm\" href=\"https:\/\/transfercostadelsol.es\/en\/terms-conditions\/\">\n\t\t\t\t\t\t<span class=\"elementor-button-content-wrapper\">\n\t\t\t\t\t\t\t\t\t<span class=\"elementor-button-text\">terminos y condiciones<\/span>\n\t\t\t\t\t<\/span>\n\t\t\t\t\t<\/a>\n\t\t\t\t<\/div>\n\t\t\t\t\t\t\t\t<\/div>\n\t\t\t\t<\/div>\n\t\t\t\t<div class=\"elementor-element elementor-element-df53c99 elementor-widget-mobile__width-inherit elementor-align-center elementor-widget elementor-widget-button\" data-id=\"df53c99\" data-element_type=\"widget\" data-widget_type=\"button.default\">\n\t\t\t\t<div class=\"elementor-widget-container\">\n\t\t\t\t\t\t\t\t\t<div class=\"elementor-button-wrapper\">\n\t\t\t\t\t<a class=\"elementor-button elementor-button-link elementor-size-sm\" href=\"https:\/\/transfercostadelsol.es\/en\/cookie-policy\/\">\n\t\t\t\t\t\t<span class=\"elementor-button-content-wrapper\">\n\t\t\t\t\t\t\t\t\t<span class=\"elementor-button-text\">pol\u00edtica de cookies<\/span>\n\t\t\t\t\t<\/span>\n\t\t\t\t\t<\/a>\n\t\t\t\t<\/div>\n\t\t\t\t\t\t\t\t<\/div>\n\t\t\t\t<\/div>\n\t\t\t\t<div class=\"elementor-element elementor-element-cc81a78 elementor-widget-mobile__width-inherit elementor-align-center elementor-widget elementor-widget-button\" data-id=\"cc81a78\" data-element_type=\"widget\" data-widget_type=\"button.default\">\n\t\t\t\t<div class=\"elementor-widget-container\">\n\t\t\t\t\t\t\t\t\t<div class=\"elementor-button-wrapper\">\n\t\t\t\t\t<a class=\"elementor-button elementor-button-link elementor-size-sm\" href=\"https:\/\/transfercostadelsol.es\/en\/privacy-policy\/\">\n\t\t\t\t\t\t<span class=\"elementor-button-content-wrapper\">\n\t\t\t\t\t\t\t\t\t<span class=\"elementor-button-text\">Pol\u00edtica de privacidad<\/span>\n\t\t\t\t\t<\/span>\n\t\t\t\t\t<\/a>\n\t\t\t\t<\/div>\n\t\t\t\t\t\t\t\t<\/div>\n\t\t\t\t<\/div>\n\t\t\t\t<\/div>\n\t\t\t\t\t<\/div>\n\t\t\t\t<\/div>\n\t\t<div class=\"elementor-element elementor-element-a2a0eb5 e-flex e-con-boxed e-con e-parent\" data-id=\"a2a0eb5\" data-element_type=\"container\">\n\t\t\t\t\t<div class=\"e-con-inner\">\n\t\t\t\t<div class=\"elementor-element elementor-element-5b7f987 elementor-widget elementor-widget-heading\" data-id=\"5b7f987\" data-element_type=\"widget\" data-widget_type=\"heading.default\">\n\t\t\t\t<div class=\"elementor-widget-container\">\n\t\t\t\t\t<h2 class=\"elementor-heading-title elementor-size-default\">2025 transfer costa del sol es una marca registrada y opera dentro de una l\u00ednea espec\u00edfica de negocio bajo bus costa del sol que pertenece a autocares diego mora sl.<\/h2>\t\t\t\t<\/div>\n\t\t\t\t<\/div>\n\t\t\t\t\t<\/div>\n\t\t\t\t<\/div>\n\t\t\t\t<\/div>","protected":false},"excerpt":{"rendered":"<p>cookie policy cookie policy is\u00a0a document that provides a comprehensive list of the cookies and trackers used on a website, along with detailed information about each \u00a0This cookie policy was last updated on July 17, 2023 and applies to citizens and permanent legal residents of the European Economic Area and Switzerland. Introduction Our website, https:\/\/transfercostadelsol.es [&hellip;]<\/p>","protected":false},"author":1,"featured_media":0,"parent":0,"menu_order":0,"comment_status":"closed","ping_status":"closed","template":"","meta":{"site-sidebar-layout":"no-sidebar","site-content-layout":"page-builder","ast-site-content-layout":"full-width-container","site-content-style":"default","site-sidebar-style":"default","ast-global-header-display":"","ast-banner-title-visibility":"","ast-main-header-display":"","ast-hfb-above-header-display":"","ast-hfb-below-header-display":"","ast-hfb-mobile-header-display":"","site-post-title":"disabled","ast-breadcrumbs-content":"","ast-featured-img":"disabled","footer-sml-layout":"","theme-transparent-header-meta":"","adv-header-id-meta":"","stick-header-meta":"","header-above-stick-meta":"","header-main-stick-meta":"","header-below-stick-meta":"","astra-migrate-meta-layouts":"set","ast-page-background-enabled":"default","ast-page-background-meta":{"desktop":{"background-color":"","background-image":"","background-repeat":"repeat","background-position":"center center","background-size":"auto","background-attachment":"scroll","background-type":"","background-media":"","overlay-type":"","overlay-color":"","overlay-opacity":"","overlay-gradient":""},"tablet":{"background-color":"","background-image":"","background-repeat":"repeat","background-position":"center center","background-size":"auto","background-attachment":"scroll","background-type":"","background-media":"","overlay-type":"","overlay-color":"","overlay-opacity":"","overlay-gradient":""},"mobile":{"background-color":"","background-image":"","background-repeat":"repeat","background-position":"center center","background-size":"auto","background-attachment":"scroll","background-type":"","background-media":"","overlay-type":"","overlay-color":"","overlay-opacity":"","overlay-gradient":""}},"ast-content-background-meta":{"desktop":{"background-color":"var(--ast-global-color-5)","background-image":"","background-repeat":"repeat","background-position":"center center","background-size":"auto","background-attachment":"scroll","background-type":"","background-media":"","overlay-type":"","overlay-color":"","overlay-opacity":"","overlay-gradient":""},"tablet":{"background-color":"var(--ast-global-color-5)","background-image":"","background-repeat":"repeat","background-position":"center center","background-size":"auto","background-attachment":"scroll","background-type":"","background-media":"","overlay-type":"","overlay-color":"","overlay-opacity":"","overlay-gradient":""},"mobile":{"background-color":"var(--ast-global-color-5)","background-image":"","background-repeat":"repeat","background-position":"center center","background-size":"auto","background-attachment":"scroll","background-type":"","background-media":"","overlay-type":"","overlay-color":"","overlay-opacity":"","overlay-gradient":""}},"footnotes":""},"class_list":["post-4551","page","type-page","status-publish","hentry"],"yoast_head":"<!-- This site is optimized with the Yoast SEO plugin v25.1 - https:\/\/yoast.com\/wordpress\/plugins\/seo\/ -->\n<title>cookie policy - Book your transfer in Costa del Sol<\/title>\n<meta name=\"robots\" content=\"noindex, nofollow\" \/>\n<meta property=\"og:locale\" content=\"es_ES\" \/>\n<meta property=\"og:type\" content=\"article\" \/>\n<meta property=\"og:title\" content=\"cookie policy - Book your transfer in Costa del Sol\" \/>\n<meta property=\"og:description\" content=\"cookie policy cookie policy is\u00a0a document that provides a comprehensive list of the cookies and trackers used on a website, along with detailed information about each \u00a0This cookie policy was last updated on July 17, 2023 and applies to citizens and permanent legal residents of the European Economic Area and Switzerland. Introduction Our website, https:\/\/transfercostadelsol.es [&hellip;]\" \/>\n<meta property=\"og:url\" content=\"https:\/\/transfercostadelsol.es\/es\/cookie-policy\/\" \/>\n<meta property=\"og:site_name\" content=\"Book your transfer in Costa del Sol\" \/>\n<meta property=\"article:publisher\" content=\"https:\/\/www.facebook.com\/people\/Buscostadelsol\/100067976063293\/\" \/>\n<meta property=\"article:modified_time\" content=\"2025-05-17T14:28:07+00:00\" \/>\n<meta name=\"twitter:card\" content=\"summary_large_image\" \/>\n<meta name=\"twitter:label1\" content=\"Tiempo de lectura\" \/>\n\t<meta name=\"twitter:data1\" content=\"4 minutos\" \/>\n<script type=\"application\/ld+json\" class=\"yoast-schema-graph\">{\"@context\":\"https:\/\/schema.org\",\"@graph\":[{\"@type\":\"WebPage\",\"@id\":\"https:\/\/transfercostadelsol.es\/en\/cookie-policy\/\",\"url\":\"https:\/\/transfercostadelsol.es\/en\/cookie-policy\/\",\"name\":\"cookie policy - Book your transfer in Costa del Sol\",\"isPartOf\":{\"@id\":\"https:\/\/transfercostadelsol.es\/en\/#website\"},\"datePublished\":\"2025-05-01T11:18:48+00:00\",\"dateModified\":\"2025-05-17T14:28:07+00:00\",\"breadcrumb\":{\"@id\":\"https:\/\/transfercostadelsol.es\/en\/cookie-policy\/#breadcrumb\"},\"inLanguage\":\"es\",\"potentialAction\":[{\"@type\":\"ReadAction\",\"target\":[\"https:\/\/transfercostadelsol.es\/en\/cookie-policy\/\"]}]},{\"@type\":\"BreadcrumbList\",\"@id\":\"https:\/\/transfercostadelsol.es\/en\/cookie-policy\/#breadcrumb\",\"itemListElement\":[{\"@type\":\"ListItem\",\"position\":1,\"name\":\"Home\",\"item\":\"https:\/\/transfercostadelsol.es\/\"},{\"@type\":\"ListItem\",\"position\":2,\"name\":\"cookie policy\"}]},{\"@type\":\"WebSite\",\"@id\":\"https:\/\/transfercostadelsol.es\/en\/#website\",\"url\":\"https:\/\/transfercostadelsol.es\/en\/\",\"name\":\"Book your transfer in Costa del Sol\",\"description\":\"\",\"publisher\":{\"@id\":\"https:\/\/transfercostadelsol.es\/en\/#organization\"},\"potentialAction\":[{\"@type\":\"SearchAction\",\"target\":{\"@type\":\"EntryPoint\",\"urlTemplate\":\"https:\/\/transfercostadelsol.es\/en\/?s={search_term_string}\"},\"query-input\":{\"@type\":\"PropertyValueSpecification\",\"valueRequired\":true,\"valueName\":\"search_term_string\"}}],\"inLanguage\":\"es\"},{\"@type\":\"Organization\",\"@id\":\"https:\/\/transfercostadelsol.es\/en\/#organization\",\"name\":\"Transfer in Costa del Sol\",\"url\":\"https:\/\/transfercostadelsol.es\/en\/\",\"logo\":{\"@type\":\"ImageObject\",\"inLanguage\":\"es\",\"@id\":\"https:\/\/transfercostadelsol.es\/en\/#\/schema\/logo\/image\/\",\"url\":\"https:\/\/transfercostadelsol.es\/wp-content\/uploads\/2025\/05\/cropped-logo-transfercostadelsol-sinsimbolo-WEB.png\",\"contentUrl\":\"https:\/\/transfercostadelsol.es\/wp-content\/uploads\/2025\/05\/cropped-logo-transfercostadelsol-sinsimbolo-WEB.png\",\"width\":674,\"height\":105,\"caption\":\"Transfer in Costa del Sol\"},\"image\":{\"@id\":\"https:\/\/transfercostadelsol.es\/en\/#\/schema\/logo\/image\/\"},\"sameAs\":[\"https:\/\/www.facebook.com\/people\/Buscostadelsol\/100067976063293\/\",\"https:\/\/www.instagram.com\/buscostadelsol\/\"]}]}<\/script>\n<!-- \/ Yoast SEO plugin. -->","yoast_head_json":{"title":"cookie policy - Book your transfer in Costa del Sol","robots":{"index":"noindex","follow":"nofollow"},"og_locale":"es_ES","og_type":"article","og_title":"cookie policy - Book your transfer in Costa del Sol","og_description":"cookie policy cookie policy is\u00a0a document that provides a comprehensive list of the cookies and trackers used on a website, along with detailed information about each \u00a0This cookie policy was last updated on July 17, 2023 and applies to citizens and permanent legal residents of the European Economic Area and Switzerland. Introduction Our website, https:\/\/transfercostadelsol.es [&hellip;]","og_url":"https:\/\/transfercostadelsol.es\/es\/cookie-policy\/","og_site_name":"Book your transfer in Costa del Sol","article_publisher":"https:\/\/www.facebook.com\/people\/Buscostadelsol\/100067976063293\/","article_modified_time":"2025-05-17T14:28:07+00:00","twitter_card":"summary_large_image","twitter_misc":{"Tiempo de lectura":"4 minutos"},"schema":{"@context":"https:\/\/schema.org","@graph":[{"@type":"WebPage","@id":"https:\/\/transfercostadelsol.es\/en\/cookie-policy\/","url":"https:\/\/transfercostadelsol.es\/en\/cookie-policy\/","name":"cookie policy - Book your transfer in Costa del Sol","isPartOf":{"@id":"https:\/\/transfercostadelsol.es\/en\/#website"},"datePublished":"2025-05-01T11:18:48+00:00","dateModified":"2025-05-17T14:28:07+00:00","breadcrumb":{"@id":"https:\/\/transfercostadelsol.es\/en\/cookie-policy\/#breadcrumb"},"inLanguage":"es","potentialAction":[{"@type":"ReadAction","target":["https:\/\/transfercostadelsol.es\/en\/cookie-policy\/"]}]},{"@type":"BreadcrumbList","@id":"https:\/\/transfercostadelsol.es\/en\/cookie-policy\/#breadcrumb","itemListElement":[{"@type":"ListItem","position":1,"name":"Home","item":"https:\/\/transfercostadelsol.es\/"},{"@type":"ListItem","position":2,"name":"cookie policy"}]},{"@type":"WebSite","@id":"https:\/\/transfercostadelsol.es\/en\/#website","url":"https:\/\/transfercostadelsol.es\/en\/","name":"Book your transfer in Costa del Sol","description":"","publisher":{"@id":"https:\/\/transfercostadelsol.es\/en\/#organization"},"potentialAction":[{"@type":"SearchAction","target":{"@type":"EntryPoint","urlTemplate":"https:\/\/transfercostadelsol.es\/en\/?s={search_term_string}"},"query-input":{"@type":"PropertyValueSpecification","valueRequired":true,"valueName":"search_term_string"}}],"inLanguage":"es"},{"@type":"Organization","@id":"https:\/\/transfercostadelsol.es\/en\/#organization","name":"Transfer in Costa del Sol","url":"https:\/\/transfercostadelsol.es\/en\/","logo":{"@type":"ImageObject","inLanguage":"es","@id":"https:\/\/transfercostadelsol.es\/en\/#\/schema\/logo\/image\/","url":"https:\/\/transfercostadelsol.es\/wp-content\/uploads\/2025\/05\/cropped-logo-transfercostadelsol-sinsimbolo-WEB.png","contentUrl":"https:\/\/transfercostadelsol.es\/wp-content\/uploads\/2025\/05\/cropped-logo-transfercostadelsol-sinsimbolo-WEB.png","width":674,"height":105,"caption":"Transfer in Costa del Sol"},"image":{"@id":"https:\/\/transfercostadelsol.es\/en\/#\/schema\/logo\/image\/"},"sameAs":["https:\/\/www.facebook.com\/people\/Buscostadelsol\/100067976063293\/","https:\/\/www.instagram.com\/buscostadelsol\/"]}]}},"_links":{"self":[{"href":"https:\/\/transfercostadelsol.es\/es\/wp-json\/wp\/v2\/pages\/4551","targetHints":{"allow":["GET"]}}],"collection":[{"href":"https:\/\/transfercostadelsol.es\/es\/wp-json\/wp\/v2\/pages"}],"about":[{"href":"https:\/\/transfercostadelsol.es\/es\/wp-json\/wp\/v2\/types\/page"}],"author":[{"embeddable":true,"href":"https:\/\/transfercostadelsol.es\/es\/wp-json\/wp\/v2\/users\/1"}],"replies":[{"embeddable":true,"href":"https:\/\/transfercostadelsol.es\/es\/wp-json\/wp\/v2\/comments?post=4551"}],"version-history":[{"count":26,"href":"https:\/\/transfercostadelsol.es\/es\/wp-json\/wp\/v2\/pages\/4551\/revisions"}],"predecessor-version":[{"id":5172,"href":"https:\/\/transfercostadelsol.es\/es\/wp-json\/wp\/v2\/pages\/4551\/revisions\/5172"}],"wp:attachment":[{"href":"https:\/\/transfercostadelsol.es\/es\/wp-json\/wp\/v2\/media?parent=4551"}],"curies":[{"name":"wp","href":"https:\/\/api.w.org\/{rel}","templated":true}]}}