{"id":4596,"date":"2025-05-02T10:39:29","date_gmt":"2025-05-02T08:39:29","guid":{"rendered":"https:\/\/transfer.buscostadelsol.es\/?page_id=4596"},"modified":"2025-05-17T16:26:56","modified_gmt":"2025-05-17T14:26:56","slug":"privacy-policy","status":"publish","type":"page","link":"https:\/\/transfercostadelsol.es\/es\/privacy-policy\/","title":{"rendered":"Pol\u00edtica de privacidad"},"content":{"rendered":"<div data-elementor-type=\"wp-page\" data-elementor-id=\"4596\" class=\"elementor elementor-4596\" data-elementor-post-type=\"page\">\n\t\t\t\t<div class=\"elementor-element elementor-element-18fb4c82 e-flex e-con-boxed e-con e-parent\" data-id=\"18fb4c82\" data-element_type=\"container\" data-settings=\"{&quot;background_background&quot;:&quot;classic&quot;}\">\n\t\t\t\t\t<div class=\"e-con-inner\">\n\t\t<div class=\"elementor-element elementor-element-32acff25 e-con-full e-flex e-con e-child\" data-id=\"32acff25\" data-element_type=\"container\">\n\t\t\t\t<div class=\"elementor-element elementor-element-1a102896 elementor-widget elementor-widget-heading\" data-id=\"1a102896\" data-element_type=\"widget\" data-widget_type=\"heading.default\">\n\t\t\t\t<div class=\"elementor-widget-container\">\n\t\t\t\t\t<h2 class=\"elementor-heading-title elementor-size-default\">Pol\u00edtica de privacidad<\/h2>\t\t\t\t<\/div>\n\t\t\t\t<\/div>\n\t\t\t\t<div class=\"elementor-element elementor-element-1299dd4d elementor-widget elementor-widget-text-editor\" data-id=\"1299dd4d\" data-element_type=\"widget\" data-widget_type=\"text-editor.default\">\n\t\t\t\t<div class=\"elementor-widget-container\">\n\t\t\t\t\t\t\t\t\t<p>La pol\u00edtica de privacidad de un sitio web es un documento legal que describe c\u00f3mo un sitio web recoge, utiliza y protege los datos personales de sus visitantes.<\/p>\t\t\t\t\t\t\t\t<\/div>\n\t\t\t\t<\/div>\n\t\t\t\t<\/div>\n\t\t\t\t\t<\/div>\n\t\t\t\t<\/div>\n\t\t<div class=\"elementor-element elementor-element-34fc9704 e-flex e-con-boxed e-con e-parent\" data-id=\"34fc9704\" data-element_type=\"container\">\n\t\t\t\t\t<div class=\"e-con-inner\">\n\t\t\t\t<div class=\"elementor-element elementor-element-b4090f8 elementor-widget elementor-widget-spacer\" data-id=\"b4090f8\" data-element_type=\"widget\" data-widget_type=\"spacer.default\">\n\t\t\t\t<div class=\"elementor-widget-container\">\n\t\t\t\t\t\t\t<div class=\"elementor-spacer\">\n\t\t\t<div class=\"elementor-spacer-inner\"><\/div>\n\t\t<\/div>\n\t\t\t\t\t\t<\/div>\n\t\t\t\t<\/div>\n\t\t\t\t<div class=\"elementor-element elementor-element-ced9928 elementor-widget elementor-widget-spacer\" data-id=\"ced9928\" data-element_type=\"widget\" data-widget_type=\"spacer.default\">\n\t\t\t\t<div class=\"elementor-widget-container\">\n\t\t\t\t\t\t\t<div class=\"elementor-spacer\">\n\t\t\t<div class=\"elementor-spacer-inner\"><\/div>\n\t\t<\/div>\n\t\t\t\t\t\t<\/div>\n\t\t\t\t<\/div>\n\t\t\t\t<div class=\"elementor-element elementor-element-6a48afa4 elementor-widget elementor-widget-text-editor\" data-id=\"6a48afa4\" data-element_type=\"widget\" data-widget_type=\"text-editor.default\">\n\t\t\t\t<div class=\"elementor-widget-container\">\n\t\t\t\t\t\t\t\t\t<p>Esta pol\u00edtica de cookies se actualiz\u00f3 por \u00faltima vez el 17 de julio de 2023 y se aplica a los ciudadanos y residentes legales permanentes del Espacio Econ\u00f3mico Europeo y Suiza.<\/p><p>En esta declaraci\u00f3n de privacidad, explicamos lo que hacemos con los datos que recopilamos sobre usted a trav\u00e9s de https:\/\/transfercostadelsol.es . Le recomendamos que lea atentamente esta declaraci\u00f3n. En nuestro tratamiento cumplimos los requisitos de la legislaci\u00f3n sobre privacidad. Esto significa, entre otras cosas, que:<\/p><p>indicamos claramente los fines para los que tratamos los datos personales. Lo hacemos mediante esta declaraci\u00f3n de privacidad.<\/p><p>nuestro objetivo es limitar nuestra recopilaci\u00f3n de datos personales a los datos personales necesarios para fines leg\u00edtimos;<\/p><p>En primer lugar, le pedimos su consentimiento expl\u00edcito para el tratamiento de sus datos personales cuando sea necesario.<\/p><p>Tomamos las medidas de seguridad adecuadas para proteger sus datos personales y tambi\u00e9n exigimos lo mismo a las partes que procesan datos personales en nuestro nombre;<\/p><p>respetamos su derecho a acceder, rectificar o suprimir sus datos personales previa solicitud.<\/p><p>Si tiene alguna pregunta o desea saber exactamente qu\u00e9 datos almacenamos sobre usted, p\u00f3ngase en contacto con nosotros.<\/p><ol><li>Finalidad, datos y periodo de conservaci\u00f3n<\/li><\/ol><p>Podemos recopilar o recibir informaci\u00f3n personal para una serie de fines relacionados con nuestras operaciones comerciales, que pueden incluir los siguientes: (haga clic para ampliar)<\/p><p>1.1 Contacto - Por tel\u00e9fono, correo postal, correo electr\u00f3nico y\/o formularios en el sitio web<\/p><p>Para ello utilizamos los siguientes datos:<\/p><p>Nombre y apellidos<\/p><p>Direcci\u00f3n de email<\/p><p>La base sobre la que podemos procesar estos datos es:<\/p><p>Una vez dado el consentimiento.\u00a0<\/p><p>Periodo de conservaci\u00f3n<\/p><p>Conservaremos estos datos hasta que se cancele el servicio.<\/p><ol start=\"2\"><li>Cookies<\/li><\/ol><p>Nuestro sitio web utiliza cookies. Para m\u00e1s informaci\u00f3n sobre las cookies, consulte nuestra Pol\u00edtica de cookies.<\/p><ol start=\"3\"><li>Pr\u00e1cticas de divulgaci\u00f3n<\/li><\/ol><p>Divulgamos informaci\u00f3n personal si estamos obligados a hacerlo por ley o por orden judicial, en respuesta a un organismo encargado de hacer cumplir la ley, en la medida permitida por otras leyes, para proporcionar informaci\u00f3n o para una investigaci\u00f3n sobre un asunto de seguridad p\u00fablica.<\/p><p>Si nuestro sitio web o nuestra organizaci\u00f3n son adquiridos, vendidos o participan en una fusi\u00f3n o adquisici\u00f3n, sus datos podr\u00e1n ser revelados a nuestros asesores y posibles compradores y transmitidos a los nuevos propietarios.<\/p><p>Tenemos un Acuerdo de Procesamiento de Datos con Google.<\/p><p>Google no podr\u00e1 utilizar los datos para otros servicios de Google.<\/p><ol start=\"4\"><li>Seguridad<\/li><\/ol><p>Estamos comprometidos con la seguridad de los datos personales. Tomamos las medidas de seguridad adecuadas para limitar el uso indebido y el acceso no autorizado a los datos personales. Esto garantiza que s\u00f3lo las personas necesarias tengan acceso a sus datos, que el acceso a los datos est\u00e9 protegido y que nuestras medidas de seguridad se revisen peri\u00f3dicamente.<\/p><ol start=\"5\"><li>Third-party websites<\/li><\/ol><p>Esta declaraci\u00f3n de privacidad no se aplica a los sitios web de terceros vinculados a nuestro sitio web. No podemos garantizar que estos terceros manejen sus datos personales de forma fiable o segura. Le recomendamos que lea las declaraciones de privacidad de estos sitios web antes de utilizarlos.<\/p><ol start=\"6\"><li>Cambios en esta declaraci\u00f3n de privacidad<\/li><\/ol><p>Nos reservamos el derecho a modificar esta declaraci\u00f3n de privacidad. Le recomendamos que consulte esta declaraci\u00f3n de privacidad con regularidad para estar al tanto de cualquier cambio. Adem\u00e1s, le informaremos activamente siempre que sea posible.<\/p><ol start=\"7\"><li>Acceder a sus datos y modificarlos<\/li><\/ol><p>Si tiene alguna pregunta o desea saber qu\u00e9 datos personales tenemos sobre usted, p\u00f3ngase en contacto con nosotros. Puede ponerse en contacto con nosotros utilizando la siguiente informaci\u00f3n. Usted tiene los siguientes derechos:<\/p><p>Tiene derecho a saber por qu\u00e9 se necesitan sus datos personales, qu\u00e9 ocurrir\u00e1 con ellos y cu\u00e1nto tiempo se conservar\u00e1n.<\/p><p>Derecho de acceso: Tiene derecho a acceder a los datos personales que tenemos sobre usted.<\/p><p>Derecho de rectificaci\u00f3n: tiene derecho a completar, rectificar, borrar o bloquear sus datos personales en cualquier momento.<\/p><p>Si nos da su consentimiento para tratar sus datos, tiene derecho a revocarlo y a que se supriman sus datos personales.<\/p><p>Derecho a transferir sus datos: tiene derecho a solicitar todos sus datos personales al responsable del tratamiento y a transferirlos \u00edntegramente a otro responsable del tratamiento.<\/p><p>Derecho de oposici\u00f3n: Puede oponerse al tratamiento de sus datos. Nosotros la cumplimos, salvo que existan motivos justificados para el tratamiento.<\/p><p>Por favor, aseg\u00farese de indicar siempre con claridad qui\u00e9n es usted, para que podamos estar seguros de que no modificamos ni suprimimos ning\u00fan dato de la persona equivocada.<\/p><ol start=\"8\"><li>Presentar una denuncia<\/li><\/ol><p>Si no est\u00e1 satisfecho con la forma en que tratamos o procesamos sus datos personales, tiene derecho a presentar una reclamaci\u00f3n ante la Autoridad de Protecci\u00f3n de Datos.<\/p><ol start=\"9\"><li>Detalle de contacto<\/li><\/ol><p>Autocares Diego Moral S.L<\/p><p>C\/ Antonio de Nebrija, n\u00ba 20, 29620, Torremolinos, Spain<\/p><p>Web: http:\/\/transfercostadelsol.es<\/p><p>info@buscostadelsol.com<\/p><p>Telephone: +34 952 91 31 60<\/p>\t\t\t\t\t\t\t\t<\/div>\n\t\t\t\t<\/div>\n\t\t\t\t\t<\/div>\n\t\t\t\t<\/div>\n\t\t<div class=\"elementor-element elementor-element-decb7c4 e-flex e-con-boxed e-con e-parent\" data-id=\"decb7c4\" data-element_type=\"container\" data-settings=\"{&quot;background_background&quot;:&quot;classic&quot;}\">\n\t\t\t\t\t<div class=\"e-con-inner\">\n\t\t<div class=\"elementor-element elementor-element-b7bef38 e-con-full e-flex e-con e-child\" data-id=\"b7bef38\" data-element_type=\"container\">\n\t\t\t\t<div class=\"elementor-element elementor-element-3a9558a elementor-widget elementor-widget-heading\" data-id=\"3a9558a\" data-element_type=\"widget\" data-widget_type=\"heading.default\">\n\t\t\t\t<div class=\"elementor-widget-container\">\n\t\t\t\t\t<h2 class=\"elementor-heading-title elementor-size-default\">legal<\/h2>\t\t\t\t<\/div>\n\t\t\t\t<\/div>\n\t\t\t\t<div class=\"elementor-element elementor-element-1b72992 elementor-widget elementor-widget-text-editor\" data-id=\"1b72992\" data-element_type=\"widget\" data-widget_type=\"text-editor.default\">\n\t\t\t\t<div class=\"elementor-widget-container\">\n\t\t\t\t\t\t\t\t\t<p>Encuetra abajo nuestra informaci\u00f3n legal<\/p>\t\t\t\t\t\t\t\t<\/div>\n\t\t\t\t<\/div>\n\t\t\t\t<div class=\"elementor-element elementor-element-725b8aa elementor-widget-mobile__width-inherit elementor-align-center elementor-widget elementor-widget-button\" data-id=\"725b8aa\" data-element_type=\"widget\" data-widget_type=\"button.default\">\n\t\t\t\t<div class=\"elementor-widget-container\">\n\t\t\t\t\t\t\t\t\t<div class=\"elementor-button-wrapper\">\n\t\t\t\t\t<a class=\"elementor-button elementor-button-link elementor-size-sm\" href=\"https:\/\/transfercostadelsol.es\/en\/legal-notice\/\">\n\t\t\t\t\t\t<span class=\"elementor-button-content-wrapper\">\n\t\t\t\t\t\t\t\t\t<span class=\"elementor-button-text\">nota legal<\/span>\n\t\t\t\t\t<\/span>\n\t\t\t\t\t<\/a>\n\t\t\t\t<\/div>\n\t\t\t\t\t\t\t\t<\/div>\n\t\t\t\t<\/div>\n\t\t\t\t<div class=\"elementor-element elementor-element-9ed179e elementor-widget-mobile__width-inherit elementor-align-center elementor-widget elementor-widget-button\" data-id=\"9ed179e\" data-element_type=\"widget\" data-widget_type=\"button.default\">\n\t\t\t\t<div class=\"elementor-widget-container\">\n\t\t\t\t\t\t\t\t\t<div class=\"elementor-button-wrapper\">\n\t\t\t\t\t<a class=\"elementor-button elementor-button-link elementor-size-sm\" href=\"https:\/\/transfercostadelsol.es\/en\/terms-conditions\/\">\n\t\t\t\t\t\t<span class=\"elementor-button-content-wrapper\">\n\t\t\t\t\t\t\t\t\t<span class=\"elementor-button-text\">terminos y condiciones<\/span>\n\t\t\t\t\t<\/span>\n\t\t\t\t\t<\/a>\n\t\t\t\t<\/div>\n\t\t\t\t\t\t\t\t<\/div>\n\t\t\t\t<\/div>\n\t\t\t\t<div class=\"elementor-element elementor-element-3212e5b elementor-widget-mobile__width-inherit elementor-align-center elementor-widget elementor-widget-button\" data-id=\"3212e5b\" data-element_type=\"widget\" data-widget_type=\"button.default\">\n\t\t\t\t<div class=\"elementor-widget-container\">\n\t\t\t\t\t\t\t\t\t<div class=\"elementor-button-wrapper\">\n\t\t\t\t\t<a class=\"elementor-button elementor-button-link elementor-size-sm\" href=\"https:\/\/transfercostadelsol.es\/en\/cookie-policy\/\">\n\t\t\t\t\t\t<span class=\"elementor-button-content-wrapper\">\n\t\t\t\t\t\t\t\t\t<span class=\"elementor-button-text\">pol\u00edtica de cookies<\/span>\n\t\t\t\t\t<\/span>\n\t\t\t\t\t<\/a>\n\t\t\t\t<\/div>\n\t\t\t\t\t\t\t\t<\/div>\n\t\t\t\t<\/div>\n\t\t\t\t<div class=\"elementor-element elementor-element-2143a71 elementor-widget-mobile__width-inherit elementor-align-center elementor-widget elementor-widget-button\" data-id=\"2143a71\" data-element_type=\"widget\" data-widget_type=\"button.default\">\n\t\t\t\t<div class=\"elementor-widget-container\">\n\t\t\t\t\t\t\t\t\t<div class=\"elementor-button-wrapper\">\n\t\t\t\t\t<a class=\"elementor-button elementor-button-link elementor-size-sm\" href=\"https:\/\/transfercostadelsol.es\/en\/privacy-policy\/\">\n\t\t\t\t\t\t<span class=\"elementor-button-content-wrapper\">\n\t\t\t\t\t\t\t\t\t<span class=\"elementor-button-text\">Pol\u00edtica de privacidad<\/span>\n\t\t\t\t\t<\/span>\n\t\t\t\t\t<\/a>\n\t\t\t\t<\/div>\n\t\t\t\t\t\t\t\t<\/div>\n\t\t\t\t<\/div>\n\t\t\t\t<\/div>\n\t\t\t\t\t<\/div>\n\t\t\t\t<\/div>\n\t\t<div class=\"elementor-element elementor-element-066aad8 e-flex e-con-boxed e-con e-parent\" data-id=\"066aad8\" data-element_type=\"container\">\n\t\t\t\t\t<div class=\"e-con-inner\">\n\t\t\t\t<div class=\"elementor-element elementor-element-323955a elementor-widget elementor-widget-heading\" data-id=\"323955a\" data-element_type=\"widget\" data-widget_type=\"heading.default\">\n\t\t\t\t<div class=\"elementor-widget-container\">\n\t\t\t\t\t<h2 class=\"elementor-heading-title elementor-size-default\">2025 transfer costa del sol es una marca registrada y opera dentro de una l\u00ednea espec\u00edfica de negocio bajo bus costa del sol que pertenece a autocares diego mora sl.<\/h2>\t\t\t\t<\/div>\n\t\t\t\t<\/div>\n\t\t\t\t\t<\/div>\n\t\t\t\t<\/div>\n\t\t\t\t<\/div>","protected":false},"excerpt":{"rendered":"<p>privacy policy A privacy policy for a website is a legal document that outlines how a website collects, uses, and protects the personal data of its visitors This privacy statement was last updated on 14 January 2025 and applies to citizens and legal permanent residents of the European Economic Area and Switzerland. In this privacy [&hellip;]<\/p>","protected":false},"author":1,"featured_media":0,"parent":0,"menu_order":0,"comment_status":"closed","ping_status":"closed","template":"","meta":{"site-sidebar-layout":"no-sidebar","site-content-layout":"page-builder","ast-site-content-layout":"full-width-container","site-content-style":"default","site-sidebar-style":"default","ast-global-header-display":"","ast-banner-title-visibility":"","ast-main-header-display":"","ast-hfb-above-header-display":"","ast-hfb-below-header-display":"","ast-hfb-mobile-header-display":"","site-post-title":"disabled","ast-breadcrumbs-content":"","ast-featured-img":"disabled","footer-sml-layout":"","theme-transparent-header-meta":"","adv-header-id-meta":"","stick-header-meta":"","header-above-stick-meta":"","header-main-stick-meta":"","header-below-stick-meta":"","astra-migrate-meta-layouts":"set","ast-page-background-enabled":"default","ast-page-background-meta":{"desktop":{"background-color":"","background-image":"","background-repeat":"repeat","background-position":"center center","background-size":"auto","background-attachment":"scroll","background-type":"","background-media":"","overlay-type":"","overlay-color":"","overlay-opacity":"","overlay-gradient":""},"tablet":{"background-color":"","background-image":"","background-repeat":"repeat","background-position":"center center","background-size":"auto","background-attachment":"scroll","background-type":"","background-media":"","overlay-type":"","overlay-color":"","overlay-opacity":"","overlay-gradient":""},"mobile":{"background-color":"","background-image":"","background-repeat":"repeat","background-position":"center center","background-size":"auto","background-attachment":"scroll","background-type":"","background-media":"","overlay-type":"","overlay-color":"","overlay-opacity":"","overlay-gradient":""}},"ast-content-background-meta":{"desktop":{"background-color":"var(--ast-global-color-5)","background-image":"","background-repeat":"repeat","background-position":"center center","background-size":"auto","background-attachment":"scroll","background-type":"","background-media":"","overlay-type":"","overlay-color":"","overlay-opacity":"","overlay-gradient":""},"tablet":{"background-color":"var(--ast-global-color-5)","background-image":"","background-repeat":"repeat","background-position":"center center","background-size":"auto","background-attachment":"scroll","background-type":"","background-media":"","overlay-type":"","overlay-color":"","overlay-opacity":"","overlay-gradient":""},"mobile":{"background-color":"var(--ast-global-color-5)","background-image":"","background-repeat":"repeat","background-position":"center center","background-size":"auto","background-attachment":"scroll","background-type":"","background-media":"","overlay-type":"","overlay-color":"","overlay-opacity":"","overlay-gradient":""}},"footnotes":""},"class_list":["post-4596","page","type-page","status-publish","hentry"],"yoast_head":"<!-- This site is optimized with the Yoast SEO plugin v25.1 - https:\/\/yoast.com\/wordpress\/plugins\/seo\/ -->\n<title>privacy policy - Book your transfer in Costa del Sol<\/title>\n<meta name=\"robots\" content=\"noindex, nofollow\" \/>\n<meta property=\"og:locale\" content=\"es_ES\" \/>\n<meta property=\"og:type\" content=\"article\" \/>\n<meta property=\"og:title\" content=\"privacy policy - Book your transfer in Costa del Sol\" \/>\n<meta property=\"og:description\" content=\"privacy policy A privacy policy for a website is a legal document that outlines how a website collects, uses, and protects the personal data of its visitors This privacy statement was last updated on 14 January 2025 and applies to citizens and legal permanent residents of the European Economic Area and Switzerland. In this privacy [&hellip;]\" \/>\n<meta property=\"og:url\" content=\"https:\/\/transfercostadelsol.es\/es\/privacy-policy\/\" \/>\n<meta property=\"og:site_name\" content=\"Book your transfer in Costa del Sol\" \/>\n<meta property=\"article:publisher\" content=\"https:\/\/www.facebook.com\/people\/Buscostadelsol\/100067976063293\/\" \/>\n<meta property=\"article:modified_time\" content=\"2025-05-17T14:26:56+00:00\" \/>\n<meta name=\"twitter:card\" content=\"summary_large_image\" \/>\n<meta name=\"twitter:label1\" content=\"Tiempo de lectura\" \/>\n\t<meta name=\"twitter:data1\" content=\"4 minutos\" \/>\n<script type=\"application\/ld+json\" class=\"yoast-schema-graph\">{\"@context\":\"https:\/\/schema.org\",\"@graph\":[{\"@type\":\"WebPage\",\"@id\":\"https:\/\/transfercostadelsol.es\/privacy-policy\/\",\"url\":\"https:\/\/transfercostadelsol.es\/privacy-policy\/\",\"name\":\"privacy policy - Book your transfer in Costa del Sol\",\"isPartOf\":{\"@id\":\"https:\/\/transfercostadelsol.es\/en\/#website\"},\"datePublished\":\"2025-05-02T08:39:29+00:00\",\"dateModified\":\"2025-05-17T14:26:56+00:00\",\"breadcrumb\":{\"@id\":\"https:\/\/transfercostadelsol.es\/privacy-policy\/#breadcrumb\"},\"inLanguage\":\"es\",\"potentialAction\":[{\"@type\":\"ReadAction\",\"target\":[\"https:\/\/transfercostadelsol.es\/privacy-policy\/\"]}]},{\"@type\":\"BreadcrumbList\",\"@id\":\"https:\/\/transfercostadelsol.es\/privacy-policy\/#breadcrumb\",\"itemListElement\":[{\"@type\":\"ListItem\",\"position\":1,\"name\":\"Home\",\"item\":\"https:\/\/transfercostadelsol.es\/\"},{\"@type\":\"ListItem\",\"position\":2,\"name\":\"privacy policy\"}]},{\"@type\":\"WebSite\",\"@id\":\"https:\/\/transfercostadelsol.es\/en\/#website\",\"url\":\"https:\/\/transfercostadelsol.es\/en\/\",\"name\":\"Book your transfer in Costa del Sol\",\"description\":\"\",\"publisher\":{\"@id\":\"https:\/\/transfercostadelsol.es\/en\/#organization\"},\"potentialAction\":[{\"@type\":\"SearchAction\",\"target\":{\"@type\":\"EntryPoint\",\"urlTemplate\":\"https:\/\/transfercostadelsol.es\/en\/?s={search_term_string}\"},\"query-input\":{\"@type\":\"PropertyValueSpecification\",\"valueRequired\":true,\"valueName\":\"search_term_string\"}}],\"inLanguage\":\"es\"},{\"@type\":\"Organization\",\"@id\":\"https:\/\/transfercostadelsol.es\/en\/#organization\",\"name\":\"Transfer in Costa del Sol\",\"url\":\"https:\/\/transfercostadelsol.es\/en\/\",\"logo\":{\"@type\":\"ImageObject\",\"inLanguage\":\"es\",\"@id\":\"https:\/\/transfercostadelsol.es\/en\/#\/schema\/logo\/image\/\",\"url\":\"https:\/\/transfercostadelsol.es\/wp-content\/uploads\/2025\/05\/cropped-logo-transfercostadelsol-sinsimbolo-WEB.png\",\"contentUrl\":\"https:\/\/transfercostadelsol.es\/wp-content\/uploads\/2025\/05\/cropped-logo-transfercostadelsol-sinsimbolo-WEB.png\",\"width\":674,\"height\":105,\"caption\":\"Transfer in Costa del Sol\"},\"image\":{\"@id\":\"https:\/\/transfercostadelsol.es\/en\/#\/schema\/logo\/image\/\"},\"sameAs\":[\"https:\/\/www.facebook.com\/people\/Buscostadelsol\/100067976063293\/\",\"https:\/\/www.instagram.com\/buscostadelsol\/\"]}]}<\/script>\n<!-- \/ Yoast SEO plugin. -->","yoast_head_json":{"title":"privacy policy - Book your transfer in Costa del Sol","robots":{"index":"noindex","follow":"nofollow"},"og_locale":"es_ES","og_type":"article","og_title":"privacy policy - Book your transfer in Costa del Sol","og_description":"privacy policy A privacy policy for a website is a legal document that outlines how a website collects, uses, and protects the personal data of its visitors This privacy statement was last updated on 14 January 2025 and applies to citizens and legal permanent residents of the European Economic Area and Switzerland. In this privacy [&hellip;]","og_url":"https:\/\/transfercostadelsol.es\/es\/privacy-policy\/","og_site_name":"Book your transfer in Costa del Sol","article_publisher":"https:\/\/www.facebook.com\/people\/Buscostadelsol\/100067976063293\/","article_modified_time":"2025-05-17T14:26:56+00:00","twitter_card":"summary_large_image","twitter_misc":{"Tiempo de lectura":"4 minutos"},"schema":{"@context":"https:\/\/schema.org","@graph":[{"@type":"WebPage","@id":"https:\/\/transfercostadelsol.es\/privacy-policy\/","url":"https:\/\/transfercostadelsol.es\/privacy-policy\/","name":"privacy policy - Book your transfer in Costa del Sol","isPartOf":{"@id":"https:\/\/transfercostadelsol.es\/en\/#website"},"datePublished":"2025-05-02T08:39:29+00:00","dateModified":"2025-05-17T14:26:56+00:00","breadcrumb":{"@id":"https:\/\/transfercostadelsol.es\/privacy-policy\/#breadcrumb"},"inLanguage":"es","potentialAction":[{"@type":"ReadAction","target":["https:\/\/transfercostadelsol.es\/privacy-policy\/"]}]},{"@type":"BreadcrumbList","@id":"https:\/\/transfercostadelsol.es\/privacy-policy\/#breadcrumb","itemListElement":[{"@type":"ListItem","position":1,"name":"Home","item":"https:\/\/transfercostadelsol.es\/"},{"@type":"ListItem","position":2,"name":"privacy policy"}]},{"@type":"WebSite","@id":"https:\/\/transfercostadelsol.es\/en\/#website","url":"https:\/\/transfercostadelsol.es\/en\/","name":"Book your transfer in Costa del Sol","description":"","publisher":{"@id":"https:\/\/transfercostadelsol.es\/en\/#organization"},"potentialAction":[{"@type":"SearchAction","target":{"@type":"EntryPoint","urlTemplate":"https:\/\/transfercostadelsol.es\/en\/?s={search_term_string}"},"query-input":{"@type":"PropertyValueSpecification","valueRequired":true,"valueName":"search_term_string"}}],"inLanguage":"es"},{"@type":"Organization","@id":"https:\/\/transfercostadelsol.es\/en\/#organization","name":"Transfer in Costa del Sol","url":"https:\/\/transfercostadelsol.es\/en\/","logo":{"@type":"ImageObject","inLanguage":"es","@id":"https:\/\/transfercostadelsol.es\/en\/#\/schema\/logo\/image\/","url":"https:\/\/transfercostadelsol.es\/wp-content\/uploads\/2025\/05\/cropped-logo-transfercostadelsol-sinsimbolo-WEB.png","contentUrl":"https:\/\/transfercostadelsol.es\/wp-content\/uploads\/2025\/05\/cropped-logo-transfercostadelsol-sinsimbolo-WEB.png","width":674,"height":105,"caption":"Transfer in Costa del Sol"},"image":{"@id":"https:\/\/transfercostadelsol.es\/en\/#\/schema\/logo\/image\/"},"sameAs":["https:\/\/www.facebook.com\/people\/Buscostadelsol\/100067976063293\/","https:\/\/www.instagram.com\/buscostadelsol\/"]}]}},"_links":{"self":[{"href":"https:\/\/transfercostadelsol.es\/es\/wp-json\/wp\/v2\/pages\/4596","targetHints":{"allow":["GET"]}}],"collection":[{"href":"https:\/\/transfercostadelsol.es\/es\/wp-json\/wp\/v2\/pages"}],"about":[{"href":"https:\/\/transfercostadelsol.es\/es\/wp-json\/wp\/v2\/types\/page"}],"author":[{"embeddable":true,"href":"https:\/\/transfercostadelsol.es\/es\/wp-json\/wp\/v2\/users\/1"}],"replies":[{"embeddable":true,"href":"https:\/\/transfercostadelsol.es\/es\/wp-json\/wp\/v2\/comments?post=4596"}],"version-history":[{"count":22,"href":"https:\/\/transfercostadelsol.es\/es\/wp-json\/wp\/v2\/pages\/4596\/revisions"}],"predecessor-version":[{"id":5226,"href":"https:\/\/transfercostadelsol.es\/es\/wp-json\/wp\/v2\/pages\/4596\/revisions\/5226"}],"wp:attachment":[{"href":"https:\/\/transfercostadelsol.es\/es\/wp-json\/wp\/v2\/media?parent=4596"}],"curies":[{"name":"wp","href":"https:\/\/api.w.org\/{rel}","templated":true}]}}