{"id":5052,"date":"2025-05-14T12:52:00","date_gmt":"2025-05-14T10:52:00","guid":{"rendered":"https:\/\/transfercostadelsol.es\/?page_id=5052"},"modified":"2025-05-17T16:26:08","modified_gmt":"2025-05-17T14:26:08","slug":"terms-conditions","status":"publish","type":"page","link":"https:\/\/transfercostadelsol.es\/es\/terms-conditions\/","title":{"rendered":"terminos y condiciones"},"content":{"rendered":"<div data-elementor-type=\"wp-page\" data-elementor-id=\"5052\" class=\"elementor elementor-5052\" data-elementor-post-type=\"page\">\n\t\t\t\t<div class=\"elementor-element elementor-element-a33ffc2 e-flex e-con-boxed e-con e-parent\" data-id=\"a33ffc2\" data-element_type=\"container\" data-settings=\"{&quot;background_background&quot;:&quot;classic&quot;}\">\n\t\t\t\t\t<div class=\"e-con-inner\">\n\t\t<div class=\"elementor-element elementor-element-7d0e601 e-con-full e-flex e-con e-child\" data-id=\"7d0e601\" data-element_type=\"container\">\n\t\t\t\t<div class=\"elementor-element elementor-element-0cd4dba elementor-widget elementor-widget-heading\" data-id=\"0cd4dba\" data-element_type=\"widget\" data-widget_type=\"heading.default\">\n\t\t\t\t<div class=\"elementor-widget-container\">\n\t\t\t\t\t<h2 class=\"elementor-heading-title elementor-size-default\">terminos y condiciones<\/h2>\t\t\t\t<\/div>\n\t\t\t\t<\/div>\n\t\t\t\t<div class=\"elementor-element elementor-element-de5b375 elementor-widget elementor-widget-text-editor\" data-id=\"de5b375\" data-element_type=\"widget\" data-widget_type=\"text-editor.default\">\n\t\t\t\t<div class=\"elementor-widget-container\">\n\t\t\t\t\t\t\t\t\t<p>Las condiciones generales son acuerdos jur\u00eddicamente vinculantes que establecen las normas y expectativas de uso de un servicio.<\/p>\t\t\t\t\t\t\t\t<\/div>\n\t\t\t\t<\/div>\n\t\t\t\t<\/div>\n\t\t\t\t\t<\/div>\n\t\t\t\t<\/div>\n\t\t<div class=\"elementor-element elementor-element-34fc9704 e-flex e-con-boxed e-con e-parent\" data-id=\"34fc9704\" data-element_type=\"container\">\n\t\t\t\t\t<div class=\"e-con-inner\">\n\t\t\t\t<div class=\"elementor-element elementor-element-50865d4 elementor-widget elementor-widget-spacer\" data-id=\"50865d4\" data-element_type=\"widget\" data-widget_type=\"spacer.default\">\n\t\t\t\t<div class=\"elementor-widget-container\">\n\t\t\t\t\t\t\t<div class=\"elementor-spacer\">\n\t\t\t<div class=\"elementor-spacer-inner\"><\/div>\n\t\t<\/div>\n\t\t\t\t\t\t<\/div>\n\t\t\t\t<\/div>\n\t\t\t\t<div class=\"elementor-element elementor-element-6a48afa4 elementor-widget elementor-widget-text-editor\" data-id=\"6a48afa4\" data-element_type=\"widget\" data-widget_type=\"text-editor.default\">\n\t\t\t\t<div class=\"elementor-widget-container\">\n\t\t\t\t\t\t\t\t\t<p>-Para reservas en menos de 48 horas por favor ll\u00e1menos al +34 951 551 355 porque no podemos garantizar la confirmaci\u00f3n.<\/p><p>-Google calcula el tiempo de viaje para la distancia recorrida en coche. Este tiempo aumenta ligeramente cuando se viaja en autob\u00fas.<\/p><p>- El cliente ser\u00e1 responsable de los da\u00f1os causados por los pasajeros al veh\u00edculo durante el viaje y deber\u00e1 hacerse cargo del pago de los mismos.<\/p><p>- Los pasajeros y el cliente ser\u00e1n responsables de adoptar todas las medidas y normas de seguridad vial dentro del autob\u00fas.<\/p><p>- En el caso de pasajeros menores de edad, habr\u00e1 un responsable mayor de edad que acredite estar en posesi\u00f3n de todas las autorizaciones de todos los menores, y ser\u00e1 responsabilidad de \u00e9ste velar por que los menores adopten todas las medidas y normas de seguridad vial establecidas.<\/p><p>- Est\u00e1 prohibido fumar dentro del veh\u00edculo y durante el viaje.<\/p><p>- Est\u00e1 prohibido el consumo de alcohol o drogas de cualquier tipo dentro del autob\u00fas y durante el viaje.<\/p><p>- En caso de un posible retraso de un m\u00e1ximo de 60 minutos debido a causas t\u00e9cnicas o mec\u00e1nicas, se seguir\u00e1 el siguiente procedimiento: La empresa<\/p><p>La empresa tomar\u00e1 medidas razonables para continuar o iniciar el viaje durante el periodo de posible retraso. Si en el plazo m\u00e1ximo de 60 minutos<\/p><p>El cliente no tendr\u00e1 derecho a reclamar indemnizaci\u00f3n alguna si el retraso se subsana antes de 60 minutos. Esta cl\u00e1usula es exclusiva para desplazamientos dentro del aire de la provincia de M\u00e1laga con un radio no superior a 50 km.<\/p><p>- En caso de cancelaci\u00f3n del servicio 10 d\u00edas antes, no se efectuar\u00e1 ning\u00fan cargo. Si la cancelaci\u00f3n se realiza dentro de los 10 d\u00edas anteriores al servicio antes del servicio habr\u00e1 un cargo del 20% del importe total. Si la cancelaci\u00f3n se realiza dentro de las 48 horas anteriores al servicio, habr\u00e1 un cargo del 50% sobre el total. Si la cancelaci\u00f3n se realiza el mismo d\u00eda del servicio, se cobrar\u00e1 el importe total en concepto de gastos de cancelaci\u00f3n. se cobrar\u00e1 el importe total.<\/p><p>- El cliente nunca podr\u00e1 establecer el n\u00famero m\u00e1ximo de pasajeros dentro del veh\u00edculo, y estar\u00e1 limitado al n\u00famero de plazas establecido por el veh\u00edculo.<\/p><p>- El n\u00famero de plazas del veh\u00edculo ser\u00e1 el establecido por cada veh\u00edculo, disponiendo cada pasajero de una plaza, no pudiendo exceder en ning\u00fan caso dichas plazas, ni viajar con pasajeros de pie en el interior del veh\u00edculo.<\/p><p>- La empresa decidir\u00e1 qu\u00e9 autocares realizar\u00e1n el servicio, comprometi\u00e9ndose a cubrir el total de plazas contratadas.<\/p><p>- El cliente contrata un servicio con horarios cerrados, la empresa puede utilizar el autob\u00fas las horas no contratadas por el usuario.<\/p><p>- En caso de realizar una transferencia desde otro pa\u00eds o en una moneda distinta al euro, la empresa no se hace responsable de las posibles comisiones que el banco cobre al cliente o al propio banco.<\/p><p>independientemente del cobra del banco tanto al cliente como a la empresa. El importe acordado es el que debe figurar \u00edntegramente en nuestra cuenta bancaria.<\/p><p>- En caso de obras o cortes en la zona de recogida acordada, el cliente y la empresa estipular\u00e1n un lugar adecuado para la recogida de pasajeros, siempre y cuando los veh\u00edculos puedan entrar.<\/p><p>Gracias por su consideraci\u00f3n.<\/p>\t\t\t\t\t\t\t\t<\/div>\n\t\t\t\t<\/div>\n\t\t\t\t<div class=\"elementor-element elementor-element-b4090f8 elementor-widget elementor-widget-spacer\" data-id=\"b4090f8\" data-element_type=\"widget\" data-widget_type=\"spacer.default\">\n\t\t\t\t<div class=\"elementor-widget-container\">\n\t\t\t\t\t\t\t<div class=\"elementor-spacer\">\n\t\t\t<div class=\"elementor-spacer-inner\"><\/div>\n\t\t<\/div>\n\t\t\t\t\t\t<\/div>\n\t\t\t\t<\/div>\n\t\t\t\t\t<\/div>\n\t\t\t\t<\/div>\n\t\t<div class=\"elementor-element elementor-element-a10d4fb e-flex e-con-boxed e-con e-parent\" data-id=\"a10d4fb\" data-element_type=\"container\" data-settings=\"{&quot;background_background&quot;:&quot;classic&quot;}\">\n\t\t\t\t\t<div class=\"e-con-inner\">\n\t\t<div class=\"elementor-element elementor-element-29e47c9 e-con-full e-flex e-con e-child\" data-id=\"29e47c9\" data-element_type=\"container\">\n\t\t\t\t<div class=\"elementor-element elementor-element-c31f4c9 elementor-widget elementor-widget-heading\" data-id=\"c31f4c9\" data-element_type=\"widget\" data-widget_type=\"heading.default\">\n\t\t\t\t<div class=\"elementor-widget-container\">\n\t\t\t\t\t<h2 class=\"elementor-heading-title elementor-size-default\">legal<\/h2>\t\t\t\t<\/div>\n\t\t\t\t<\/div>\n\t\t\t\t<div class=\"elementor-element elementor-element-cb7f924 elementor-widget elementor-widget-text-editor\" data-id=\"cb7f924\" data-element_type=\"widget\" data-widget_type=\"text-editor.default\">\n\t\t\t\t<div class=\"elementor-widget-container\">\n\t\t\t\t\t\t\t\t\t<p>Encuetra abajo nuestra informaci\u00f3n legal<\/p>\t\t\t\t\t\t\t\t<\/div>\n\t\t\t\t<\/div>\n\t\t\t\t<div class=\"elementor-element elementor-element-ec6471c elementor-widget-mobile__width-inherit elementor-align-center elementor-widget elementor-widget-button\" data-id=\"ec6471c\" data-element_type=\"widget\" data-widget_type=\"button.default\">\n\t\t\t\t<div class=\"elementor-widget-container\">\n\t\t\t\t\t\t\t\t\t<div class=\"elementor-button-wrapper\">\n\t\t\t\t\t<a class=\"elementor-button elementor-button-link elementor-size-sm\" href=\"https:\/\/transfercostadelsol.es\/en\/legal-notice\/\">\n\t\t\t\t\t\t<span class=\"elementor-button-content-wrapper\">\n\t\t\t\t\t\t\t\t\t<span class=\"elementor-button-text\">nota legal<\/span>\n\t\t\t\t\t<\/span>\n\t\t\t\t\t<\/a>\n\t\t\t\t<\/div>\n\t\t\t\t\t\t\t\t<\/div>\n\t\t\t\t<\/div>\n\t\t\t\t<div class=\"elementor-element elementor-element-910e8d6 elementor-widget-mobile__width-inherit elementor-align-center elementor-widget elementor-widget-button\" data-id=\"910e8d6\" data-element_type=\"widget\" data-widget_type=\"button.default\">\n\t\t\t\t<div class=\"elementor-widget-container\">\n\t\t\t\t\t\t\t\t\t<div class=\"elementor-button-wrapper\">\n\t\t\t\t\t<a class=\"elementor-button elementor-button-link elementor-size-sm\" href=\"https:\/\/transfercostadelsol.es\/en\/terms-conditions\/\">\n\t\t\t\t\t\t<span class=\"elementor-button-content-wrapper\">\n\t\t\t\t\t\t\t\t\t<span class=\"elementor-button-text\">terminos y condiciones<\/span>\n\t\t\t\t\t<\/span>\n\t\t\t\t\t<\/a>\n\t\t\t\t<\/div>\n\t\t\t\t\t\t\t\t<\/div>\n\t\t\t\t<\/div>\n\t\t\t\t<div class=\"elementor-element elementor-element-36c0c89 elementor-widget-mobile__width-inherit elementor-align-center elementor-widget elementor-widget-button\" data-id=\"36c0c89\" data-element_type=\"widget\" data-widget_type=\"button.default\">\n\t\t\t\t<div class=\"elementor-widget-container\">\n\t\t\t\t\t\t\t\t\t<div class=\"elementor-button-wrapper\">\n\t\t\t\t\t<a class=\"elementor-button elementor-button-link elementor-size-sm\" href=\"https:\/\/transfercostadelsol.es\/en\/cookie-policy\/\">\n\t\t\t\t\t\t<span class=\"elementor-button-content-wrapper\">\n\t\t\t\t\t\t\t\t\t<span class=\"elementor-button-text\">pol\u00edtica de cookies<\/span>\n\t\t\t\t\t<\/span>\n\t\t\t\t\t<\/a>\n\t\t\t\t<\/div>\n\t\t\t\t\t\t\t\t<\/div>\n\t\t\t\t<\/div>\n\t\t\t\t<div class=\"elementor-element elementor-element-e72c3c8 elementor-widget-mobile__width-inherit elementor-align-center elementor-widget elementor-widget-button\" data-id=\"e72c3c8\" data-element_type=\"widget\" data-widget_type=\"button.default\">\n\t\t\t\t<div class=\"elementor-widget-container\">\n\t\t\t\t\t\t\t\t\t<div class=\"elementor-button-wrapper\">\n\t\t\t\t\t<a class=\"elementor-button elementor-button-link elementor-size-sm\" href=\"https:\/\/transfercostadelsol.es\/en\/privacy-policy\/\">\n\t\t\t\t\t\t<span class=\"elementor-button-content-wrapper\">\n\t\t\t\t\t\t\t\t\t<span class=\"elementor-button-text\">Pol\u00edtica de privacidad<\/span>\n\t\t\t\t\t<\/span>\n\t\t\t\t\t<\/a>\n\t\t\t\t<\/div>\n\t\t\t\t\t\t\t\t<\/div>\n\t\t\t\t<\/div>\n\t\t\t\t<\/div>\n\t\t\t\t\t<\/div>\n\t\t\t\t<\/div>\n\t\t<div class=\"elementor-element elementor-element-6acc078 e-flex e-con-boxed e-con e-parent\" data-id=\"6acc078\" data-element_type=\"container\">\n\t\t\t\t\t<div class=\"e-con-inner\">\n\t\t\t\t<div class=\"elementor-element elementor-element-4365c4c elementor-widget elementor-widget-heading\" data-id=\"4365c4c\" data-element_type=\"widget\" data-widget_type=\"heading.default\">\n\t\t\t\t<div class=\"elementor-widget-container\">\n\t\t\t\t\t<h2 class=\"elementor-heading-title elementor-size-default\">2025 transfer costa del sol es una marca registrada y opera dentro de una l\u00ednea espec\u00edfica de negocio bajo bus costa del sol que pertenece a autocares diego mora sl.<\/h2>\t\t\t\t<\/div>\n\t\t\t\t<\/div>\n\t\t\t\t\t<\/div>\n\t\t\t\t<\/div>\n\t\t\t\t<\/div>","protected":false},"excerpt":{"rendered":"<p>terms and conditions Terms and conditions are legally binding agreements that outline the rules and expectations for using a\u00a0 service. -For bookings within less than 48 hours please call us at +34 951 551 355 because we cannot guarantee confirmation. -Google calculates the travel time for car driving distance. This time is slightly increased when [&hellip;]<\/p>","protected":false},"author":1,"featured_media":0,"parent":0,"menu_order":0,"comment_status":"closed","ping_status":"closed","template":"","meta":{"site-sidebar-layout":"no-sidebar","site-content-layout":"page-builder","ast-site-content-layout":"full-width-container","site-content-style":"default","site-sidebar-style":"default","ast-global-header-display":"","ast-banner-title-visibility":"","ast-main-header-display":"","ast-hfb-above-header-display":"","ast-hfb-below-header-display":"","ast-hfb-mobile-header-display":"","site-post-title":"disabled","ast-breadcrumbs-content":"","ast-featured-img":"disabled","footer-sml-layout":"","theme-transparent-header-meta":"","adv-header-id-meta":"","stick-header-meta":"","header-above-stick-meta":"","header-main-stick-meta":"","header-below-stick-meta":"","astra-migrate-meta-layouts":"set","ast-page-background-enabled":"default","ast-page-background-meta":{"desktop":{"background-color":"","background-image":"","background-repeat":"repeat","background-position":"center center","background-size":"auto","background-attachment":"scroll","background-type":"","background-media":"","overlay-type":"","overlay-color":"","overlay-opacity":"","overlay-gradient":""},"tablet":{"background-color":"","background-image":"","background-repeat":"repeat","background-position":"center center","background-size":"auto","background-attachment":"scroll","background-type":"","background-media":"","overlay-type":"","overlay-color":"","overlay-opacity":"","overlay-gradient":""},"mobile":{"background-color":"","background-image":"","background-repeat":"repeat","background-position":"center center","background-size":"auto","background-attachment":"scroll","background-type":"","background-media":"","overlay-type":"","overlay-color":"","overlay-opacity":"","overlay-gradient":""}},"ast-content-background-meta":{"desktop":{"background-color":"var(--ast-global-color-5)","background-image":"","background-repeat":"repeat","background-position":"center center","background-size":"auto","background-attachment":"scroll","background-type":"","background-media":"","overlay-type":"","overlay-color":"","overlay-opacity":"","overlay-gradient":""},"tablet":{"background-color":"var(--ast-global-color-5)","background-image":"","background-repeat":"repeat","background-position":"center center","background-size":"auto","background-attachment":"scroll","background-type":"","background-media":"","overlay-type":"","overlay-color":"","overlay-opacity":"","overlay-gradient":""},"mobile":{"background-color":"var(--ast-global-color-5)","background-image":"","background-repeat":"repeat","background-position":"center center","background-size":"auto","background-attachment":"scroll","background-type":"","background-media":"","overlay-type":"","overlay-color":"","overlay-opacity":"","overlay-gradient":""}},"footnotes":""},"class_list":["post-5052","page","type-page","status-publish","hentry"],"yoast_head":"<!-- This site is optimized with the Yoast SEO plugin v25.1 - https:\/\/yoast.com\/wordpress\/plugins\/seo\/ -->\n<title>terms and conditions - Book your transfer in Costa del Sol<\/title>\n<meta name=\"robots\" content=\"noindex, nofollow\" \/>\n<meta property=\"og:locale\" content=\"es_ES\" \/>\n<meta property=\"og:type\" content=\"article\" \/>\n<meta property=\"og:title\" content=\"terms and conditions - Book your transfer in Costa del Sol\" \/>\n<meta property=\"og:description\" content=\"terms and conditions Terms and conditions are legally binding agreements that outline the rules and expectations for using a\u00a0 service. -For bookings within less than 48 hours please call us at +34 951 551 355 because we cannot guarantee confirmation. -Google calculates the travel time for car driving distance. This time is slightly increased when [&hellip;]\" \/>\n<meta property=\"og:url\" content=\"https:\/\/transfercostadelsol.es\/es\/terms-conditions\/\" \/>\n<meta property=\"og:site_name\" content=\"Book your transfer in Costa del Sol\" \/>\n<meta property=\"article:publisher\" content=\"https:\/\/www.facebook.com\/people\/Buscostadelsol\/100067976063293\/\" \/>\n<meta property=\"article:modified_time\" content=\"2025-05-17T14:26:08+00:00\" \/>\n<meta name=\"twitter:card\" content=\"summary_large_image\" \/>\n<meta name=\"twitter:label1\" content=\"Tiempo de lectura\" \/>\n\t<meta name=\"twitter:data1\" content=\"3 minutos\" \/>\n<script type=\"application\/ld+json\" class=\"yoast-schema-graph\">{\"@context\":\"https:\/\/schema.org\",\"@graph\":[{\"@type\":\"WebPage\",\"@id\":\"https:\/\/transfercostadelsol.es\/en\/terms-conditions\/\",\"url\":\"https:\/\/transfercostadelsol.es\/en\/terms-conditions\/\",\"name\":\"terms and conditions - Book your transfer in Costa del Sol\",\"isPartOf\":{\"@id\":\"https:\/\/transfercostadelsol.es\/en\/#website\"},\"datePublished\":\"2025-05-14T10:52:00+00:00\",\"dateModified\":\"2025-05-17T14:26:08+00:00\",\"breadcrumb\":{\"@id\":\"https:\/\/transfercostadelsol.es\/en\/terms-conditions\/#breadcrumb\"},\"inLanguage\":\"es\",\"potentialAction\":[{\"@type\":\"ReadAction\",\"target\":[\"https:\/\/transfercostadelsol.es\/en\/terms-conditions\/\"]}]},{\"@type\":\"BreadcrumbList\",\"@id\":\"https:\/\/transfercostadelsol.es\/en\/terms-conditions\/#breadcrumb\",\"itemListElement\":[{\"@type\":\"ListItem\",\"position\":1,\"name\":\"Home\",\"item\":\"https:\/\/transfercostadelsol.es\/\"},{\"@type\":\"ListItem\",\"position\":2,\"name\":\"terms and conditions\"}]},{\"@type\":\"WebSite\",\"@id\":\"https:\/\/transfercostadelsol.es\/en\/#website\",\"url\":\"https:\/\/transfercostadelsol.es\/en\/\",\"name\":\"Book your transfer in Costa del Sol\",\"description\":\"\",\"publisher\":{\"@id\":\"https:\/\/transfercostadelsol.es\/en\/#organization\"},\"potentialAction\":[{\"@type\":\"SearchAction\",\"target\":{\"@type\":\"EntryPoint\",\"urlTemplate\":\"https:\/\/transfercostadelsol.es\/en\/?s={search_term_string}\"},\"query-input\":{\"@type\":\"PropertyValueSpecification\",\"valueRequired\":true,\"valueName\":\"search_term_string\"}}],\"inLanguage\":\"es\"},{\"@type\":\"Organization\",\"@id\":\"https:\/\/transfercostadelsol.es\/en\/#organization\",\"name\":\"Transfer in Costa del Sol\",\"url\":\"https:\/\/transfercostadelsol.es\/en\/\",\"logo\":{\"@type\":\"ImageObject\",\"inLanguage\":\"es\",\"@id\":\"https:\/\/transfercostadelsol.es\/en\/#\/schema\/logo\/image\/\",\"url\":\"https:\/\/transfercostadelsol.es\/wp-content\/uploads\/2025\/05\/cropped-logo-transfercostadelsol-sinsimbolo-WEB.png\",\"contentUrl\":\"https:\/\/transfercostadelsol.es\/wp-content\/uploads\/2025\/05\/cropped-logo-transfercostadelsol-sinsimbolo-WEB.png\",\"width\":674,\"height\":105,\"caption\":\"Transfer in Costa del Sol\"},\"image\":{\"@id\":\"https:\/\/transfercostadelsol.es\/en\/#\/schema\/logo\/image\/\"},\"sameAs\":[\"https:\/\/www.facebook.com\/people\/Buscostadelsol\/100067976063293\/\",\"https:\/\/www.instagram.com\/buscostadelsol\/\"]}]}<\/script>\n<!-- \/ Yoast SEO plugin. -->","yoast_head_json":{"title":"terms and conditions - Book your transfer in Costa del Sol","robots":{"index":"noindex","follow":"nofollow"},"og_locale":"es_ES","og_type":"article","og_title":"terms and conditions - Book your transfer in Costa del Sol","og_description":"terms and conditions Terms and conditions are legally binding agreements that outline the rules and expectations for using a\u00a0 service. -For bookings within less than 48 hours please call us at +34 951 551 355 because we cannot guarantee confirmation. -Google calculates the travel time for car driving distance. This time is slightly increased when [&hellip;]","og_url":"https:\/\/transfercostadelsol.es\/es\/terms-conditions\/","og_site_name":"Book your transfer in Costa del Sol","article_publisher":"https:\/\/www.facebook.com\/people\/Buscostadelsol\/100067976063293\/","article_modified_time":"2025-05-17T14:26:08+00:00","twitter_card":"summary_large_image","twitter_misc":{"Tiempo de lectura":"3 minutos"},"schema":{"@context":"https:\/\/schema.org","@graph":[{"@type":"WebPage","@id":"https:\/\/transfercostadelsol.es\/en\/terms-conditions\/","url":"https:\/\/transfercostadelsol.es\/en\/terms-conditions\/","name":"terms and conditions - Book your transfer in Costa del Sol","isPartOf":{"@id":"https:\/\/transfercostadelsol.es\/en\/#website"},"datePublished":"2025-05-14T10:52:00+00:00","dateModified":"2025-05-17T14:26:08+00:00","breadcrumb":{"@id":"https:\/\/transfercostadelsol.es\/en\/terms-conditions\/#breadcrumb"},"inLanguage":"es","potentialAction":[{"@type":"ReadAction","target":["https:\/\/transfercostadelsol.es\/en\/terms-conditions\/"]}]},{"@type":"BreadcrumbList","@id":"https:\/\/transfercostadelsol.es\/en\/terms-conditions\/#breadcrumb","itemListElement":[{"@type":"ListItem","position":1,"name":"Home","item":"https:\/\/transfercostadelsol.es\/"},{"@type":"ListItem","position":2,"name":"terms and conditions"}]},{"@type":"WebSite","@id":"https:\/\/transfercostadelsol.es\/en\/#website","url":"https:\/\/transfercostadelsol.es\/en\/","name":"Book your transfer in Costa del Sol","description":"","publisher":{"@id":"https:\/\/transfercostadelsol.es\/en\/#organization"},"potentialAction":[{"@type":"SearchAction","target":{"@type":"EntryPoint","urlTemplate":"https:\/\/transfercostadelsol.es\/en\/?s={search_term_string}"},"query-input":{"@type":"PropertyValueSpecification","valueRequired":true,"valueName":"search_term_string"}}],"inLanguage":"es"},{"@type":"Organization","@id":"https:\/\/transfercostadelsol.es\/en\/#organization","name":"Transfer in Costa del Sol","url":"https:\/\/transfercostadelsol.es\/en\/","logo":{"@type":"ImageObject","inLanguage":"es","@id":"https:\/\/transfercostadelsol.es\/en\/#\/schema\/logo\/image\/","url":"https:\/\/transfercostadelsol.es\/wp-content\/uploads\/2025\/05\/cropped-logo-transfercostadelsol-sinsimbolo-WEB.png","contentUrl":"https:\/\/transfercostadelsol.es\/wp-content\/uploads\/2025\/05\/cropped-logo-transfercostadelsol-sinsimbolo-WEB.png","width":674,"height":105,"caption":"Transfer in Costa del Sol"},"image":{"@id":"https:\/\/transfercostadelsol.es\/en\/#\/schema\/logo\/image\/"},"sameAs":["https:\/\/www.facebook.com\/people\/Buscostadelsol\/100067976063293\/","https:\/\/www.instagram.com\/buscostadelsol\/"]}]}},"_links":{"self":[{"href":"https:\/\/transfercostadelsol.es\/es\/wp-json\/wp\/v2\/pages\/5052","targetHints":{"allow":["GET"]}}],"collection":[{"href":"https:\/\/transfercostadelsol.es\/es\/wp-json\/wp\/v2\/pages"}],"about":[{"href":"https:\/\/transfercostadelsol.es\/es\/wp-json\/wp\/v2\/types\/page"}],"author":[{"embeddable":true,"href":"https:\/\/transfercostadelsol.es\/es\/wp-json\/wp\/v2\/users\/1"}],"replies":[{"embeddable":true,"href":"https:\/\/transfercostadelsol.es\/es\/wp-json\/wp\/v2\/comments?post=5052"}],"version-history":[{"count":20,"href":"https:\/\/transfercostadelsol.es\/es\/wp-json\/wp\/v2\/pages\/5052\/revisions"}],"predecessor-version":[{"id":5184,"href":"https:\/\/transfercostadelsol.es\/es\/wp-json\/wp\/v2\/pages\/5052\/revisions\/5184"}],"wp:attachment":[{"href":"https:\/\/transfercostadelsol.es\/es\/wp-json\/wp\/v2\/media?parent=5052"}],"curies":[{"name":"wp","href":"https:\/\/api.w.org\/{rel}","templated":true}]}}